{"id":22,"date":"2016-12-27T08:24:02","date_gmt":"2016-12-27T08:24:02","guid":{"rendered":"https:\/\/xstore.8theme.com\/demos\/corporate\/?page_id=22"},"modified":"2025-03-01T18:14:33","modified_gmt":"2025-03-01T18:14:33","slug":"home","status":"publish","type":"page","link":"https:\/\/navarroingenieria.cl\/","title":{"rendered":"Home"},"content":{"rendered":"\t\t<div data-elementor-type=\"wp-page\" data-elementor-id=\"22\" class=\"elementor elementor-22\" data-elementor-post-type=\"page\">\n\t\t\t\t\t\t<section class=\"elementor-section elementor-top-section elementor-element elementor-element-3654c71 elementor-section-boxed elementor-section-height-default elementor-section-height-default\" data-id=\"3654c71\" data-element_type=\"section\">\n\t\t\t\t\t\t<div class=\"elementor-container elementor-column-gap-no\">\n\t\t\t\t\t<div class=\"elementor-column elementor-col-100 elementor-top-column elementor-element elementor-element-bf7a1f3\" data-id=\"bf7a1f3\" data-element_type=\"column\">\n\t\t\t<div class=\"elementor-widget-wrap elementor-element-populated\">\n\t\t\t\t\t\t<div class=\"elementor-element elementor-element-f87bb4e elementor-widget elementor-widget-slider_revolution\" data-id=\"f87bb4e\" data-element_type=\"widget\" data-widget_type=\"slider_revolution.default\">\n\t\t\t\t<div class=\"elementor-widget-container\">\n\t\t\t\t\t\n\t\t<div class=\"wp-block-themepunch-revslider\">\n\t\t\t\t<p class=\"rs-p-wp-fix\"><\/p>\n\t\t\t\t<sr7-module data-alias=\"corporate_slider_home\" data-id=\"1\" id=\"SR7_1_1\" class=\"rs-ov-hidden\" data-version=\"6.7.29\">\n\t\t\t\t\t<sr7-adjuster><\/sr7-adjuster>\n\t\t\t\t\t<sr7-content>\n\t\t\t\t\t\t<sr7-slide id=\"SR7_1_1-1\" data-key=\"1\">\n\t\t\t\t\t\t\t<sr7-bg id=\"SR7_1_1-1-11\" class=\"sr7-layer\"><noscript><img decoding=\"async\" src=\"https:\/\/navarroingenieria.cl\/wp-content\/uploads\/2016\/12\/slider-1-bg.jpg\" alt=\"\" title=\"slider-1-bg\"><\/noscript><\/sr7-bg>\n\t\t\t\t\t\t\t<sr7-txt id=\"SR7_1_1-1-3\" class=\"sr7-layer\">Navarro Ingenier\u00eda<\/sr7-txt>\n\t\t\t\t\t\t\t<sr7-txt id=\"SR7_1_1-1-5\" class=\"sr7-layer\">Consultora de ingenier\u00eda en proyectos estructurales, sanitarios, <br> pavimentaci\u00f3n, aguas lluvias y m\u00e1s<\/sr7-txt>\n\t\t\t\t\t\t\t<sr7-txt id=\"SR7_1_1-1-10\" class=\"sr7-layer\">Desarrollo de <br>\nProyectos de Ingenier\u00eda<\/sr7-txt>\n\t\t\t\t\t\t<\/sr7-slide>\n\t\t\t\t\t\t<sr7-slide id=\"SR7_1_1-4\" data-key=\"4\">\n\t\t\t\t\t\t<\/sr7-slide>\n\t\t\t\t\t<\/sr7-content>\n\t\t\t\t\t<image_lists style=\"display:none\">\n\t\t\t\t\t\t<img data-src=\"\/\/navarroingenieria.cl\/wp-content\/uploads\/2025\/02\/Logo-N.png\" data-libid=\"6315\" data-lib=\"medialibrary\" title=\"Logo-N\" width=\"0\" height=\"0\" data-dbsrc=\"Ly9uYXZhcnJvaW5nZW5pZXJpYS5jbC93cC1jb250ZW50L3VwbG9hZHMvMjAyNS8wMi9Mb2dvLU4ucG5n\"\/>\n\t\t\t\t\t\t<img data-src=\"\/\/navarroingenieria.cl\/wp-content\/uploads\/2016\/12\/slider-1-bg.jpg\" data-libid=\"4973\" title=\"slider-1-bg\" width=\"0\" height=\"0\" data-dbsrc=\"Ly9uYXZhcnJvaW5nZW5pZXJpYS5jbC93cC1jb250ZW50L3VwbG9hZHMvMjAxNi8xMi9zbGlkZXItMS1iZy5qcGc=\"\/>\n\t\t\t\t\t<\/image_lists>\n\t\t\t\t<\/sr7-module>\n\t\t\t\t<script>\n\t\t\t\t\tSR7.PMH ??={}; SR7.PMH[\"SR7_1_1\"] = {cn:100,state:false,fn: function() { if (_tpt!==undefined && _tpt.prepareModuleHeight !== undefined) {  _tpt.prepareModuleHeight({id:\"SR7_1_1\",el:[700,700,600,500,600],type:'standard',shdw:'0',gh:[700,700,600,500,600],gw:[1200,1200,1024,778,480],vpt:['-100px&#039;,&#039;-100px&#039;,&#039;-100px&#039;,&#039;-100px&#039;,&#039;-100px'],size:{fullWidth:true, fullHeight:false},mh:'0',onh:0,onw:0,bg:{color:'{\"orig\":\"transparent\",\"type\":\"solid\",\"string\":\"transparent\"}'},plType:'4',plColor:'#1562b1'});   SR7.PMH[\"SR7_1_1\"].state=true;} else if(SR7.PMH[\"SR7_1_1\"].cn-->0)\tsetTimeout( SR7.PMH[\"SR7_1_1\"].fn,19);}};SR7.PMH[\"SR7_1_1\" ].fn();\n\t\t\t\t<\/script>\n<\/div>\n\n\t\t\t\t\t\t<\/div>\n\t\t\t\t<\/div>\n\t\t\t\t\t<\/div>\n\t\t<\/div>\n\t\t\t\t\t<\/div>\n\t\t<\/section>\n\t\t\t\t<section class=\"elementor-section elementor-top-section elementor-element elementor-element-4f2ab22 elementor-section-stretched elementor-section-boxed elementor-section-height-default elementor-section-height-default\" data-id=\"4f2ab22\" data-element_type=\"section\" data-settings=\"{&quot;stretch_section&quot;:&quot;section-stretched&quot;,&quot;background_background&quot;:&quot;classic&quot;}\">\n\t\t\t\t\t\t<div class=\"elementor-container elementor-column-gap-no\">\n\t\t\t\t\t<div class=\"elementor-column elementor-col-100 elementor-top-column elementor-element elementor-element-7ad4516 elementor-invisible\" data-id=\"7ad4516\" data-element_type=\"column\" data-settings=\"{&quot;animation&quot;:&quot;fadeInUp&quot;}\">\n\t\t\t<div class=\"elementor-widget-wrap elementor-element-populated\">\n\t\t\t\t\t\t<section class=\"elementor-section elementor-inner-section elementor-element elementor-element-0812979 elementor-section-boxed elementor-section-height-default elementor-section-height-default\" data-id=\"0812979\" data-element_type=\"section\">\n\t\t\t\t\t\t<div class=\"elementor-container elementor-column-gap-no\">\n\t\t\t\t\t<div class=\"elementor-column elementor-col-50 elementor-inner-column elementor-element elementor-element-7162c2f\" data-id=\"7162c2f\" data-element_type=\"column\">\n\t\t\t<div class=\"elementor-widget-wrap elementor-element-populated\">\n\t\t\t\t\t\t<div class=\"elementor-element elementor-element-6374fab4 elementor-position-left elementor-vertical-align-top elementor-widget elementor-widget-image-box\" data-id=\"6374fab4\" data-element_type=\"widget\" data-widget_type=\"image-box.default\">\n\t\t\t\t<div class=\"elementor-widget-container\">\n\t\t\t\t\t<div class=\"elementor-image-box-wrapper\"><figure class=\"elementor-image-box-img\"><img loading=\"lazy\" loading=\"lazy\" decoding=\"async\" width=\"43\" height=\"43\" src=\"https:\/\/navarroingenieria.cl\/wp-content\/uploads\/2025\/02\/ing.png\" class=\"attachment-full size-full wp-image-6322\" alt=\"\" srcset=\"https:\/\/navarroingenieria.cl\/wp-content\/uploads\/2025\/02\/ing.png 43w, https:\/\/navarroingenieria.cl\/wp-content\/uploads\/2025\/02\/ing-1x1.png 1w, https:\/\/navarroingenieria.cl\/wp-content\/uploads\/2025\/02\/ing-10x10.png 10w\" sizes=\"auto, (max-width: 43px) 100vw, 43px\" \/><\/figure><div class=\"elementor-image-box-content\"><h3 class=\"elementor-image-box-title\">INGENIER\u00cdA ESTRUCTURAL<\/h3><p class=\"elementor-image-box-description\">Dise\u00f1o y an\u00e1lisis para edificaciones seguras y eficientes.<\/p><\/div><\/div>\t\t\t\t<\/div>\n\t\t\t\t<\/div>\n\t\t\t\t\t<\/div>\n\t\t<\/div>\n\t\t\t\t<div class=\"elementor-column elementor-col-50 elementor-inner-column elementor-element elementor-element-b0cf759\" data-id=\"b0cf759\" data-element_type=\"column\">\n\t\t\t<div class=\"elementor-widget-wrap elementor-element-populated\">\n\t\t\t\t\t\t<div class=\"elementor-element elementor-element-a4c8080 elementor-position-left elementor-vertical-align-top elementor-widget elementor-widget-image-box\" data-id=\"a4c8080\" data-element_type=\"widget\" data-widget_type=\"image-box.default\">\n\t\t\t\t<div class=\"elementor-widget-container\">\n\t\t\t\t\t<div class=\"elementor-image-box-wrapper\"><figure class=\"elementor-image-box-img\"><img loading=\"lazy\" loading=\"lazy\" decoding=\"async\" width=\"43\" height=\"43\" src=\"https:\/\/navarroingenieria.cl\/wp-content\/uploads\/2025\/02\/hid.png\" class=\"attachment-full size-full wp-image-6323\" alt=\"\" srcset=\"https:\/\/navarroingenieria.cl\/wp-content\/uploads\/2025\/02\/hid.png 43w, https:\/\/navarroingenieria.cl\/wp-content\/uploads\/2025\/02\/hid-1x1.png 1w, https:\/\/navarroingenieria.cl\/wp-content\/uploads\/2025\/02\/hid-10x10.png 10w\" sizes=\"auto, (max-width: 43px) 100vw, 43px\" \/><\/figure><div class=\"elementor-image-box-content\"><h3 class=\"elementor-image-box-title\">SISTEMAS HIDR\u00c1ULICOS<\/h3><p class=\"elementor-image-box-description\">Soluciones para gesti\u00f3n y control del agua.<\/p><\/div><\/div>\t\t\t\t<\/div>\n\t\t\t\t<\/div>\n\t\t\t\t\t<\/div>\n\t\t<\/div>\n\t\t\t\t\t<\/div>\n\t\t<\/section>\n\t\t\t\t<section class=\"elementor-section elementor-inner-section elementor-element elementor-element-f097a76 elementor-section-boxed elementor-section-height-default elementor-section-height-default\" data-id=\"f097a76\" data-element_type=\"section\">\n\t\t\t\t\t\t<div class=\"elementor-container elementor-column-gap-no\">\n\t\t\t\t\t<div class=\"elementor-column elementor-col-50 elementor-inner-column elementor-element elementor-element-2507665\" data-id=\"2507665\" data-element_type=\"column\">\n\t\t\t<div class=\"elementor-widget-wrap elementor-element-populated\">\n\t\t\t\t\t\t<div class=\"elementor-element elementor-element-1c85c39 elementor-position-left elementor-vertical-align-top elementor-widget elementor-widget-image-box\" data-id=\"1c85c39\" data-element_type=\"widget\" data-widget_type=\"image-box.default\">\n\t\t\t\t<div class=\"elementor-widget-container\">\n\t\t\t\t\t<div class=\"elementor-image-box-wrapper\"><figure class=\"elementor-image-box-img\"><img loading=\"lazy\" loading=\"lazy\" decoding=\"async\" width=\"43\" height=\"43\" src=\"https:\/\/navarroingenieria.cl\/wp-content\/uploads\/2025\/02\/vial.png\" class=\"attachment-full size-full wp-image-6320\" alt=\"\" srcset=\"https:\/\/navarroingenieria.cl\/wp-content\/uploads\/2025\/02\/vial.png 43w, https:\/\/navarroingenieria.cl\/wp-content\/uploads\/2025\/02\/vial-1x1.png 1w, https:\/\/navarroingenieria.cl\/wp-content\/uploads\/2025\/02\/vial-10x10.png 10w\" sizes=\"auto, (max-width: 43px) 100vw, 43px\" \/><\/figure><div class=\"elementor-image-box-content\"><h3 class=\"elementor-image-box-title\">INFRAESTRUCTURA VIAL<\/h3><p class=\"elementor-image-box-description\">Pavimentaci\u00f3n y drenaje para proyectos urbanos y rurales.<\/p><\/div><\/div>\t\t\t\t<\/div>\n\t\t\t\t<\/div>\n\t\t\t\t\t<\/div>\n\t\t<\/div>\n\t\t\t\t<div class=\"elementor-column elementor-col-50 elementor-inner-column elementor-element elementor-element-c957e7e\" data-id=\"c957e7e\" data-element_type=\"column\">\n\t\t\t<div class=\"elementor-widget-wrap elementor-element-populated\">\n\t\t\t\t\t\t<div class=\"elementor-element elementor-element-a1b0aee elementor-position-left elementor-vertical-align-top elementor-widget elementor-widget-image-box\" data-id=\"a1b0aee\" data-element_type=\"widget\" data-widget_type=\"image-box.default\">\n\t\t\t\t<div class=\"elementor-widget-container\">\n\t\t\t\t\t<div class=\"elementor-image-box-wrapper\"><figure class=\"elementor-image-box-img\"><img loading=\"lazy\" loading=\"lazy\" decoding=\"async\" width=\"43\" height=\"43\" src=\"https:\/\/navarroingenieria.cl\/wp-content\/uploads\/2025\/02\/py.png\" class=\"attachment-full size-full wp-image-6321\" alt=\"\" srcset=\"https:\/\/navarroingenieria.cl\/wp-content\/uploads\/2025\/02\/py.png 43w, https:\/\/navarroingenieria.cl\/wp-content\/uploads\/2025\/02\/py-1x1.png 1w, https:\/\/navarroingenieria.cl\/wp-content\/uploads\/2025\/02\/py-10x10.png 10w\" sizes=\"auto, (max-width: 43px) 100vw, 43px\" \/><\/figure><div class=\"elementor-image-box-content\"><h3 class=\"elementor-image-box-title\">GESTI\u00d3N DE PROYECTOS<\/h3><p class=\"elementor-image-box-description\">Desarrollo integral desde el dise\u00f1o hasta la ejecuci\u00f3n.<\/p><\/div><\/div>\t\t\t\t<\/div>\n\t\t\t\t<\/div>\n\t\t\t\t\t<\/div>\n\t\t<\/div>\n\t\t\t\t\t<\/div>\n\t\t<\/section>\n\t\t\t\t\t<\/div>\n\t\t<\/div>\n\t\t\t\t\t<\/div>\n\t\t<\/section>\n\t\t<div class=\"elementor-element elementor-element-ce84405 e-grid e-con-boxed e-con e-parent\" data-id=\"ce84405\" data-element_type=\"container\">\n\t\t\t\t\t<div class=\"e-con-inner\">\n\t\t\t\t<div class=\"elementor-element elementor-element-859e636 elementor-widget elementor-widget-etheme_advanced_headline\" data-id=\"859e636\" data-element_type=\"widget\" data-widget_type=\"etheme_advanced_headline.default\">\n\t\t\t\t<div class=\"elementor-widget-container\">\n\t\t\t\t\t        \r\n        <div class=\"etheme-a-h-wrapper elementor-align-center etheme-a-h-line-both etheme-a-h-line-before etheme-a-h-line-after\">\r\n        \r\n                            <span class=\"etheme-a-h-text-before\">\r\n                    \u00bfQuieres m\u00e1s informaci\u00f3n?                <\/span>\r\n            \r\n        <h2 class=\"etheme-advanced-headline\">\r\n\r\n            Cont\u00e1ctanos\r\n        <\/h2>\r\n\t\t\r\n                                    <div class=\"etheme-a-h-icon-wrapper\">\r\n\t\t\t                <i class=\"et-icon et-phone-call\"><\/i>                        <\/div>\r\n\t                                <p class=\"etheme-a-h-text-after\">\r\n                    <p style=\"text-align: justify;\">\n    Puedes escribirnos a <strong>contacto@navarroingenieria.cl<\/strong>, llamarnos o escribir por WhatsApp al   <strong>+56 9 6836 3450<\/strong> o llenar el formulario a continuaci\u00f3n.\n<\/p>\n                <\/p>\r\n                    \r\n        <\/div>\r\n        \r\n\t\t\t\t\t\t<\/div>\n\t\t\t\t<\/div>\n\t\t\t\t<div class=\"elementor-element elementor-element-90580c0 etheme-contact-form-7-button-custom elementor-widget elementor-widget-et-contact-form-7\" data-id=\"90580c0\" data-element_type=\"widget\" data-widget_type=\"et-contact-form-7.default\">\n\t\t\t\t<div class=\"elementor-widget-container\">\n\t\t\t\t\t                <div class=\"pp-contact-form etheme-contact-form-7 placeholder-show\">\r\n                                        \n<div class=\"wpcf7 no-js\" id=\"wpcf7-f9-o1\" lang=\"es-ES\" dir=\"ltr\" data-wpcf7-id=\"9\">\n<div class=\"screen-reader-response\"><p role=\"status\" aria-live=\"polite\" aria-atomic=\"true\"><\/p> <ul><\/ul><\/div>\n<form action=\"\/index.php\/wp-json\/wp\/v2\/pages\/22#wpcf7-f9-o1\" method=\"post\" class=\"wpcf7-form init\" aria-label=\"Formulario de contacto\" novalidate=\"novalidate\" data-status=\"init\">\n<div style=\"display: none;\">\n<input type=\"hidden\" name=\"_wpcf7\" value=\"9\" \/>\n<input type=\"hidden\" name=\"_wpcf7_version\" value=\"6.0.4\" \/>\n<input type=\"hidden\" name=\"_wpcf7_locale\" value=\"es_ES\" \/>\n<input type=\"hidden\" name=\"_wpcf7_unit_tag\" value=\"wpcf7-f9-o1\" \/>\n<input type=\"hidden\" name=\"_wpcf7_container_post\" value=\"0\" \/>\n<input type=\"hidden\" name=\"_wpcf7_posted_data_hash\" value=\"\" \/>\n<\/div>\n<p><label> Nombre<br \/>\n<span class=\"wpcf7-form-control-wrap\" data-name=\"your-name\"><input size=\"40\" maxlength=\"400\" class=\"wpcf7-form-control wpcf7-text wpcf7-validates-as-required\" autocomplete=\"name\" aria-required=\"true\" aria-invalid=\"false\" value=\"\" type=\"text\" name=\"your-name\" \/><\/span> <\/label>\n<\/p>\n<p><label> Correo<br \/>\n<span class=\"wpcf7-form-control-wrap\" data-name=\"your-email\"><input size=\"40\" maxlength=\"400\" class=\"wpcf7-form-control wpcf7-email wpcf7-validates-as-required wpcf7-text wpcf7-validates-as-email\" autocomplete=\"email\" aria-required=\"true\" aria-invalid=\"false\" value=\"\" type=\"email\" name=\"your-email\" \/><\/span> <\/label>\n<\/p>\n<p><label> Asunto<br \/>\n<span class=\"wpcf7-form-control-wrap\" data-name=\"your-subject\"><input size=\"40\" maxlength=\"400\" class=\"wpcf7-form-control wpcf7-text wpcf7-validates-as-required\" aria-required=\"true\" aria-invalid=\"false\" value=\"\" type=\"text\" name=\"your-subject\" \/><\/span> <\/label>\n<\/p>\n<p><label> Tu Mensaje<br \/>\n<span class=\"wpcf7-form-control-wrap\" data-name=\"your-message\"><textarea cols=\"40\" rows=\"10\" maxlength=\"2000\" class=\"wpcf7-form-control wpcf7-textarea\" aria-invalid=\"false\" name=\"your-message\"><\/textarea><\/span> <\/label>\n<\/p>\n<p><input class=\"wpcf7-form-control wpcf7-submit has-spinner\" type=\"submit\" value=\"Enviar\" \/>\n<\/p><div class=\"wpcf7-response-output\" aria-hidden=\"true\"><\/div>\n<\/form>\n<\/div>\n                <\/div>\r\n                \t\t\t\t<\/div>\n\t\t\t\t<\/div>\n\t\t\t\t\t<\/div>\n\t\t\t\t<\/div>\n\t\t\t\t<\/div>\n\t\t","protected":false},"excerpt":{"rendered":"<p>INGENIER\u00cdA ESTRUCTURAL Dise\u00f1o y an\u00e1lisis para edificaciones seguras y eficientes. SISTEMAS HIDR\u00c1ULICOS Soluciones para gesti\u00f3n y control del agua. INFRAESTRUCTURA VIAL Pavimentaci\u00f3n y drenaje para&#8230;<\/p>\n","protected":false},"author":1,"featured_media":0,"parent":0,"menu_order":0,"comment_status":"closed","ping_status":"closed","template":"","meta":{"footnotes":""},"class_list":["post-22","page","type-page","status-publish","hentry"],"_links":{"self":[{"href":"https:\/\/navarroingenieria.cl\/index.php\/wp-json\/wp\/v2\/pages\/22","targetHints":{"allow":["GET"]}}],"collection":[{"href":"https:\/\/navarroingenieria.cl\/index.php\/wp-json\/wp\/v2\/pages"}],"about":[{"href":"https:\/\/navarroingenieria.cl\/index.php\/wp-json\/wp\/v2\/types\/page"}],"author":[{"embeddable":true,"href":"https:\/\/navarroingenieria.cl\/index.php\/wp-json\/wp\/v2\/users\/1"}],"replies":[{"embeddable":true,"href":"https:\/\/navarroingenieria.cl\/index.php\/wp-json\/wp\/v2\/comments?post=22"}],"version-history":[{"count":34,"href":"https:\/\/navarroingenieria.cl\/index.php\/wp-json\/wp\/v2\/pages\/22\/revisions"}],"predecessor-version":[{"id":6412,"href":"https:\/\/navarroingenieria.cl\/index.php\/wp-json\/wp\/v2\/pages\/22\/revisions\/6412"}],"wp:attachment":[{"href":"https:\/\/navarroingenieria.cl\/index.php\/wp-json\/wp\/v2\/media?parent=22"}],"curies":[{"name":"wp","href":"https:\/\/api.w.org\/{rel}","templated":true}]}}